{"id":144,"date":"2021-12-10T00:06:29","date_gmt":"2021-12-09T22:06:29","guid":{"rendered":"https:\/\/bpong.lv\/lbpf\/?page_id=144"},"modified":"2021-12-10T00:06:30","modified_gmt":"2021-12-09T22:06:30","slug":"dokumenti","status":"publish","type":"page","link":"https:\/\/bpong.lv\/lbpf\/dokumenti\/","title":{"rendered":"Dokumenti"},"content":{"rendered":"\n<p>Te j\u0101b\u016bt sait\u0113m vai ata\u010dmentiem uz pieteikuma form\u0101m, stat\u016btiem, utt, kas svar\u012bgi biedriem un p\u0101r\u0113jiem publiskaj\u0101 vid\u0113.<\/p>\n","protected":false},"excerpt":{"rendered":"<p>Te j\u0101b\u016bt sait\u0113m vai ata\u010dmentiem uz pieteikuma form\u0101m, stat\u016btiem, utt, kas svar\u012bgi biedriem un p\u0101r\u0113jiem publiskaj\u0101 vid\u0113.<\/p>\n","protected":false},"author":1,"featured_media":0,"parent":0,"menu_order":0,"comment_status":"closed","ping_status":"closed","template":"","meta":{"inspiro_hide_title":false,"footnotes":""},"class_list":["post-144","page","type-page","status-publish","hentry"],"_links":{"self":[{"href":"https:\/\/bpong.lv\/lbpf\/wp-json\/wp\/v2\/pages\/144","targetHints":{"allow":["GET"]}}],"collection":[{"href":"https:\/\/bpong.lv\/lbpf\/wp-json\/wp\/v2\/pages"}],"about":[{"href":"https:\/\/bpong.lv\/lbpf\/wp-json\/wp\/v2\/types\/page"}],"author":[{"embeddable":true,"href":"https:\/\/bpong.lv\/lbpf\/wp-json\/wp\/v2\/users\/1"}],"replies":[{"embeddable":true,"href":"https:\/\/bpong.lv\/lbpf\/wp-json\/wp\/v2\/comments?post=144"}],"version-history":[{"count":2,"href":"https:\/\/bpong.lv\/lbpf\/wp-json\/wp\/v2\/pages\/144\/revisions"}],"predecessor-version":[{"id":233,"href":"https:\/\/bpong.lv\/lbpf\/wp-json\/wp\/v2\/pages\/144\/revisions\/233"}],"wp:attachment":[{"href":"https:\/\/bpong.lv\/lbpf\/wp-json\/wp\/v2\/media?parent=144"}],"curies":[{"name":"wp","href":"https:\/\/api.w.org\/{rel}","templated":true}]}}