{"id":268,"date":"2022-01-14T15:35:28","date_gmt":"2022-01-14T13:35:28","guid":{"rendered":"https:\/\/bpong.lv\/lbpf\/?page_id=268"},"modified":"2022-01-14T18:34:26","modified_gmt":"2022-01-14T16:34:26","slug":"jenotu-beer-pong-noteikumi-v1","status":"publish","type":"page","link":"https:\/\/bpong.lv\/lbpf\/jenotu-beer-pong-noteikumi-v1\/","title":{"rendered":"\"Jenotu\" Beer Pong noteikumi v1"},"content":{"rendered":"\n<p>\u0160ie noteikumi tiek izmantoti standarta Jenotu un LBPF sl\u0113l\u0113s un turn\u012bros, ja nav noteikts cit\u0101di.<\/p>\n\n\n\n<ol class=\"lst-0 start\" start=\"1\">\n<li class=\"li-bullet-0 bu\">Lietotie termini.<\/li>\n<\/ol>\n<ol class=\"lst-1 start\" start=\"1\">\n    <li class=\"li-bullet-1\">Galds \u2013 \u012bpa\u0161i piel\u0101gots galds \u201dbeer pong\u201d sp\u0113l\u0113\u0161anai. Skat\u012bt att\u0113lu Nr 1.<\/li>\n    <li class=\"li-bullet-1\">Gl\u0101ze \u2013 caursp\u012bd\u012bga plastmasas gl\u0101ze sp\u0113l\u0113\u0161anai, kas da\u013c\u0113ji (1\/4 l\u012bdz 1\/3) ir pielieta ar \u016bdeni.<\/li>\n    <li class=\"li-bullet-1\">Alus gl\u0101ze \u2013 gl\u0101ze ar alu ko izmanto sp\u0113l\u0113t\u0101ji sp\u0113les laik\u0101. Trauka forma un saturs var tikt main\u012bti atbilsto\u0161i sp\u0113les vai turn\u012bra nolikumam.<\/li>\n    <li class=\"li-bullet-1\">Bumbi\u0146a \u2013 galda tenisa bumbi\u0146a, kas paredz\u0113ta metienu veik\u0161anai.<\/li>\n    <li class=\"li-bullet-1\">Sp\u0113l\u0113t\u0101js \u2013 komandas loceklis.<\/li>\n    <li class=\"li-bullet-1\">Komanda \u2013 sp\u0113l\u0113t\u0101ju p\u0101ris, kas sp\u0113l\u0113 kop\u0101.<\/li>\n    <li class=\"li-bullet-1\">Uzbr\u016bko\u0161\u0101 komanda \u2013 komanda, kura piedal\u0101s sp\u0113l\u0113 un kurai ir g\u0101jiens.<\/li>\n    <li class=\"li-bullet-1\">Pretinieku komanda \u2013 komanda, kurai piedal\u0101s sp\u0113l\u0113 un kurai nav g\u0101jiens (aizst\u0101vas).<\/li>\n    <li class=\"li-bullet-1\">Komandas \u2013 abas sp\u0113l\u0113jo\u0161\u0101s komandas kop\u0101.<\/li>\n    <li class=\"li-bullet-1\">Galda gals \u2013 fizisk\u0101 galda \u012bs\u0101k\u0101 mala. Skat\u012bt att\u0113lu Nr 1.<\/li>\n    <li class=\"li-bullet-1\">Galda mala \u2013 l\u012bnija, kur beidzas galda gals. Galda mala iedom\u0101ti turpin\u0101s uz ab\u0101m pus\u0113m ar\u012b aiz fizisk\u0101s galda malas. Skat\u012bt att\u0113lu Nr 1.<\/li>\n    <li class=\"li-bullet-1\">Gl\u0101\u017eu laukums \u2013 \u012bpa\u0161i apz\u012bm\u0113ts tr\u012bsst\u016brveida laukums katr\u0101 galda gal\u0101, kur\u0101 tiek novietotas gl\u0101zes lai pa t\u0101m izdar\u012btu metienus (sp\u0113l\u0113\u0161anai). Skat\u012bt att\u0113lu Nr 1.<\/li>\n    <li class=\"li-bullet-1\">No\u0146emta gl\u0101ze \u2013 Gl\u0101ze, kas ir izlikta \u0101rpus gl\u0101\u017eu laukuma un vairs nepiedal\u0101s sp\u0113l\u0113.<\/li>\n    <li class=\"li-bullet-1\">Gl\u0101zes no\u0146em\u0161ana \u2013 Gl\u0101zes izlik\u0161ana \u0101rpus gl\u0101\u017eu laukuma l\u012bdz ar ko gl\u0101ze vairs nepiedal\u0101s sp\u0113l\u0113.<\/li>\n    <li class=\"li-bullet-1\">Metiens \u2013 br\u012bdis, kad sp\u0113l\u0113t\u0101js apzin\u0101ti met bumbi\u0146u pretinieka gl\u0101\u017eu virzien\u0101, t\u0101 ir \u0161\u0137\u0113rsojusi \u0161\u0137\u0113rso galda vidusl\u012bniju l\u012bdz br\u012bdim, kad beidzas metiens.<\/li>\n    <li class=\"li-bullet-1\">G\u0101jiens \u2013 br\u012bdis, kad komanda ieg\u016bst ties\u012bbas s\u0101kt izdar\u012bt metienu l\u012bdz br\u012bdim, kad komanda ir izdar\u012bjusi visus savus metienus un g\u0101jiens beidzas.<\/li>\n    <li class=\"li-bullet-1\">Sp\u0113le \u2013 sec\u012bga divu komandu g\u0101jienu s\u0113rija l\u012bdz kam\u0113r sp\u0113le beidzas.<\/li>\n    <\/li>\n<\/ol>\n<ol class=\"lst-0\" start=\"2\">\n    <li class=\"li-bullet-0 bu\">Sp\u0113les s\u0101kums un beigas.<\/li>\n<\/ol>\n<ol class=\"lst-1 start\" start=\"1\">\n    <li class=\"li-bullet-1\">Pirms sp\u0113les katr\u0101 galda gal\u0101, gl\u0101\u017eu laukum\u0101 un cie\u0161i viena pie otras, tiek novietotas 6 gl\u0101zes, k\u0101 nor\u0101d\u012bts att\u0113l\u0101 Nr 2. Gl\u0101\u017eu novieto\u0161anu un korektas novieto\u0161anas p\u0101rbaudi veic pa\u0161i sp\u0113l\u0113t\u0101ji.<\/li>\n    <li class=\"li-bullet-1\">Blakus gl\u0101\u017eu laukumam, bet t\u0101 lai netrauc\u0113tu sp\u0113li, katrai komandai tiek novietota Alus gl\u0101ze. Alus gl\u0101zes viet\u0101 var b\u016bt cits dz\u0113riens un\/ vai trauks, ja turn\u012bra nolikums to nosaka vai at\u013cauj. Alus gl\u0101zi novieto organizatori, ja t\u0101s novieto\u0161anas proced\u016bru nenosaka turn\u012bra nolikums.<\/li>\n    <li class=\"li-bullet-1\">Metienu izdar\u012b\u0161anai ir pieejamas divas bumbi\u0146as.<\/li>\n    <li class=\"li-bullet-1\">Pirms sp\u0113les komandas sav\u0101 starp\u0101 noskaidro kura no komand\u0101m ieg\u016bs ties\u012bbas izv\u0113l\u0113ties pirmo g\u0101jienu vai izv\u0113l\u0113ties galda pusi. Iesp\u0113ja izv\u0113l\u0113ties tiek dota komandai:<\/li>\n<\/ol>\n<ol class=\"lst-2 start\" start=\"1\">\n    <li class=\"li-bullet-2\">Kur\u0101 ir vair\u0101k meite\u0146u (sievie\u0161u);<\/li>\n    <li class=\"li-bullet-2\">Kura uzvar \u201cmetot mon\u0113tu\u201d (best of 1) vai sp\u0113l\u0113jot \u201cakmens, \u0161\u0137\u0113res, pap\u012br\u012btis\u201d (best of 1);<\/li>\n    <li class=\"li-bullet-2\">Kuras pretinieku komanda atsak\u0101s no ties\u012bb\u0101m izv\u0113l\u0113ties.<\/li>\n<\/ol>\n<ol class=\"lst-1\" start=\"5\">\n    <li class=\"li-bullet-1\">Komanda, kura neguva ties\u012bbas izv\u0113l\u0113ties, autom\u0101tiski ieg\u016bst otro opciju. T.i., ja komanda, kura ieguva ties\u012bbas izv\u0113l\u0113ties, izv\u0113las pirmo g\u0101jienu, tad otrai komandai j\u0101izv\u0113las galda puse. Attiec\u012bgi, ja izv\u0113l\u0113j\u0101s galda pusi, tad j\u0101izdara pirmais g\u0101jiens.<\/li>\n    <li class=\"li-bullet-1\">Pirms sp\u0113les s\u0101kuma komandas ie\u0146em savas poz\u012bcijas katr\u0101 galda gal\u0101, un komandai, kura s\u0101ks pirmo g\u0101jienu, ir abas bumbi\u0146as.<\/li>\n    <li class=\"li-bullet-1\">Pirms sp\u0113les s\u0101kuma komandas sasveicin\u0101s sav\u0101 starp\u0101.<\/li>\n    <li class=\"li-bullet-1\">Sp\u0113le s\u0101kas uzreiz tikl\u012bdz ir izpild\u012bti visi nosac\u012bjumi sp\u0113les s\u0101k\u0161anai (punkti 2.1, 2.2, 2.3, 2.4, 2.6 un 2.7) un:<\/li>\n<\/ol>\n<ol class=\"lst-2 start\" start=\"1\">\n    <li class=\"li-bullet-2\">sp\u0113lei nav noteikts laika limits;<\/li>\n    <li class=\"li-bullet-2\">tiek s\u0101kta kop\u0113j\u0101 sp\u0113les laika atskaite, ja turn\u012brs t\u0101du paredz;<\/li>\n    <li class=\"li-bullet-2\">tiek s\u0101kta sp\u0113les individu\u0101la laika atskaite, ja sp\u0113lei ir noteikts laika limits. Laika atskaites s\u0101k\u0161anu un kontroli veic pa\u0161i sp\u0113l\u0113t\u0101ji.<\/li>\n<\/ol>\n<ol class=\"lst-1\" start=\"9\">\n\t<li class=\"li-bullet-1\">Ja s\u0101kas kop\u0113ja sp\u0113les laika atskaite, bet sp\u0113le nes\u0101kas, jo nav izpild\u012bti visi sp\u0113les s\u0101k\u0161anai nepiecie\u0161amie nosac\u012bjumi, tad:<\/li>\n<\/ol>\n<ol class=\"lst-2 start\" start=\"1\">\n    <li class=\"li-bullet-2\">sp\u0113li s\u0101k tikl\u012bdz ir izpild\u012bti visi t\u0101s s\u0101k\u0161anai nepiecie\u0161ami nosac\u012bjumi;<\/li>\n    <li class=\"li-bullet-2\">sp\u0113les laiks tiek noteikts t\u0101ds, k\u0101ds sp\u0113les s\u0101k\u0161an\u0101s br\u012bd\u012b ir sp\u0113les atliku\u0161ais laiks uz kop\u0113j\u0101 laika atskaites pulkste\u0146a;<\/li>\n    <li class=\"li-bullet-2\">sp\u0113le beidzas, ja t\u0101 nav s\u0101kusies tr\u012bs min\u016b\u0161u laik\u0101.<\/li>\n<\/ol>\n<ol class=\"lst-1\" start=\"10\">\n\t<li class=\"li-bullet-1\">Ja sp\u0113le beidzas tai nes\u0101koties, tad:<\/li>\n<\/ol>\n<ol class=\"lst-2 start\" start=\"1\">\n    <li class=\"li-bullet-2\">ja tas ir noticis k\u0101das komandas vainas d\u0113\u013c, tad tai komandai tiek ieskait\u012bta tehnisk\u0101 zaude ar \u010detr\u0101m gl\u0101z\u0113m;<\/li>\n    <li class=\"li-bullet-2\">ja tas ir noticis \u0101r\u0113ju apst\u0101k\u013cu d\u0113\u013c (piem\u0113ram, nav bubmi\u0146u), tad komandas nekav\u0113joties un argument\u0113ti l\u016bdz tiesnesi p\u0101rcelt sp\u0113li uz v\u0113l\u0101ku laiku. \u0160\u0101d\u0101 gad\u012bjum\u0101 tiesnesis nosaka sp\u0113les laiku un k\u0101rt\u012bbu.<\/li>\n<\/ol>\n<ol class=\"lst-1\" start=\"11\">\n\t<li class=\"li-bullet-1\">Sp\u0113le beidzas, kad:<\/li>\n<\/ol>\n<ol class=\"lst-2 start\" start=\"1\">\n    <li class=\"li-bullet-2\">k\u0101d\u0101 no galda pus\u0113m gl\u0101\u017eu laukum\u0101 vairs nav gl\u0101\u017eu pa kur\u0101m izdar\u012bt metienu;<\/li>\n    <li class=\"li-bullet-2\">beidzas sp\u0113lei noteiktais laika limits, ja tads ir bijis paredz\u0113ts. Iz\u0146emot gad\u012bjumu, ja sp\u0113lei tiek noteikts pagarin\u0101jums p\u0113c punkta 4.7;<\/li>\n    <li class=\"li-bullet-2\">beidzas sp\u0113lei noteiktais pagarin\u0101jums, kas tika pie\u0161\u0137irts p\u0113c punkta 4.7.<\/li>\n<\/ol>\n<ol class=\"lst-1\" start=\"12\">\n    <li class=\"li-bullet-1\">P\u0113c sp\u0113les beig\u0101m par uzvar\u0113t\u0101ju tiek noteikta komanda, kuras priek\u0161\u0101 ir paliku\u0161as:<\/li>\n<\/ol>\n<ol class=\"lst-2 start\" start=\"1\">\n    <li class=\"li-bullet-2\">gl\u0101zes gl\u0101\u017eu laukum\u0101.\/li>\n    <li class=\"li-bullet-2\">vair\u0101k gl\u0101zes gl\u0101\u017eu laukuma nek\u0101 pretinieku komandai.<\/li>\n<\/ol>\n<ol class=\"lst-1\" start=\"13\">\n    <li class=\"li-bullet-1\">Ja par sp\u0113li tiek skait\u012bti punkti, tad uzvar\u0113t\u0101ja komanda p\u0113c sp\u0113les beig\u0101m ieg\u016bst tik punktus, cik ir gl\u0101\u017eu starp\u012bba starp abiem gl\u0101\u017eu laukumiem (neviena gl\u0101ze gl\u0101\u017eu laukum\u0101 tiek skait\u012bta k\u0101 0).<\/li>\n    <li class=\"li-bullet-1\">P\u0113c sp\u0113les beig\u0101m ir aizliegts izdar\u012bt metienus. Ja t\u0101di tiek veikti, iemest\u0101s gl\u0101zes netiek skait\u012btas par iemest\u0101m.<\/li>\n    <li class=\"li-bullet-1\">P\u0113c sp\u0113les beig\u0101m komandas pateicas viena otrai par sp\u0113li.<\/li>\n<\/ol>\n<ol class=\"lst-0\" start=\"3\">\n    <li class=\"li-bullet-0 bu\">Sp\u0113les gaita.<\/li>\n<\/ol>\n<ol class=\"lst-1 start\" start=\"1\">\n    <li class=\"li-bullet-1\">Sp\u0113li ties\u0101 pa\u0161i sp\u0113l\u0113t\u0101ji. Str\u012bdus gad\u012bjumos pieaicinot tiesnesi.<\/li>\n    <li class=\"li-bullet-1\">Katrs komandas sp\u0113l\u0113t\u0101js g\u0101jiena laik\u0101 izdara vienu metienu. Iz\u0146emot gad\u012bjumus, kas atrakst\u012bti punkt\u0101 4.1.<\/li>\n    <li class=\"li-bullet-1\">Sp\u0113l\u0113t\u0101jiem metieni j\u0101izdara nevilcinoties, tikl\u012bdz komanda ir ieguvusi ties\u012bbas izdar\u012bt g\u0101jienu.<\/li>\n    <li class=\"li-bullet-1\">Metiena br\u012bd\u012b, sp\u0113l\u0113t\u0101ja elkonis nedr\u012bkst atrasties p\u0101ri galda malai. Pret\u0113j\u0101 gad\u012bjum\u0101 iemesta gl\u0101ze netiek skait\u012bta k\u0101 iemesta. Sp\u0113l\u0113t\u0101jam nav iesp\u0113ja metienu atk\u0101rtot (veikt p\u0101rmetienu).<\/li>\n    <li class=\"li-bullet-1\">Ja metiena br\u012bd\u012b metienu net\u012b\u0161\u0101m iztrauc\u0113 (k\u0101ds pagr\u016b\u017e sp\u0113l\u0113t\u0101ju, aizskar bumbi\u0146u, nosedz galdu, utml) k\u0101ds, kas nav komandu sast\u0101v\u0101 (skat\u012bt\u0101js, tiesnesis, utml), tad metienu ir iesp\u0113jams atk\u0101rtot (veikt p\u0101rmetienu). Atk\u0101rtotu metiens tiek veikts, ja komandas par to vienojas vai t\u0101 nosaka tiesnesis. Pret\u0113j\u0101 gad\u012bjum\u0101 tiek uzskat\u012bts, ka metiens ir izdar\u012bts.<\/li>\n    <li class=\"li-bullet-1\">Tikl\u012bdz bumbi\u0146a metiena br\u012bd\u012b pieskaras \u016bdenim gl\u0101z\u0113, t\u0101 skait\u0101s, k\u0101 iemesta. Ja pretinieku komandas darb\u012bbas (p\u016b\u0161ana, atsi\u0161ana, utml) rezult\u0101t\u0101 bumbi\u0146a, p\u0113c piesk\u0101r\u0161an\u0101s \u016bdenim, pamet gl\u0101zi vai p\u0101rlec cit\u0101 gl\u0101z\u0113, t\u0101 nekav\u0113joties j\u0101atliek atpaka\u013c s\u0101kotn\u0113ji iemestaj\u0101 gl\u0101z\u0113.<\/li>\n    <li class=\"li-bullet-1\">Ja metiena br\u012bd\u012b bumbi\u0146a gl\u0101z\u0113 grie\u017eas un v\u0113l nav piesk\u0101rusies \u016bdenim, to dr\u012bkst izp\u016bst \u0101r\u0101. Ja t\u0101 tiek izp\u016bsta nepieskaroties \u016bdenim, bumbi\u0146a neskait\u0101s k\u0101 iemesta.<\/li>\n    <li class=\"li-bullet-1\">Tikl\u012bdz metiena br\u012bd\u012b bumbi\u0146a atsitas pret gl\u0101z\u0113m vai galdu, to dr\u012bkst atsist vai aizp\u016bst. Tai skait\u0101 ar\u012b bumbi\u0146u, kas speci\u0101li tiek mesta ar atsitienu pret galdu.<\/li>\n    <li class=\"li-bullet-1\">Ja metiena br\u012bd\u012b gl\u0101ze, pa kuru vai kur\u0101 tr\u0101pa bumbi\u0146a, tiek apg\u0101zta ar bumbi\u0146u vai pretinieku darb\u012bbas rezult\u0101t\u0101 (p\u016b\u0161ana, atsi\u0161ana, utml), tiek uzskat\u012bts, ka bumbi\u0146a ir iemesta gl\u0101z\u0113 un r\u012bkojas k\u0101 noteikts punkt\u0101 4.4.<\/li>\n    <li class=\"li-bullet-1\">Ja metiena br\u012bd\u012b, kad bumbi\u0146a tiek p\u016bsta lauk\u0101 no gl\u0101zes, kur\u0101 jau ir iemesta cita bumbi\u0146a, un t\u0101s saskaras, tiek uzskat\u012bts, ka ar\u012b otra bumbi\u0146a ir iemesta tan\u012b pat gl\u0101z\u0113. \u0160\u0101d\u0101 gad\u012bjum\u0101, ja pretinieku komandas darb\u012bbas rezult\u0101t\u0101 k\u0101da no bumbi\u0146\u0101m (vai abas) nepaliek iemestaj\u0101 gl\u0101z\u0113 vai p\u0101rlec cit\u0101 gl\u0101z\u0113, t\u0101s abas atliek atpaka\u013c s\u0101kotn\u0113ji iemestaj\u0101 gl\u0101z\u0113.<\/li>\n    <li class=\"li-bullet-1\">Ja metiena br\u012bd\u012b, kad bumbi\u0146a tiek p\u016bsta lauk\u0101 no gl\u0101zes, kur\u0101 jau ir iemesta cita bumbi\u0146a, t\u0101s nesaskaras, iemest\u0101 bumbi\u0146a paliek gl\u0101z\u0113 un p\u016bsta bumbi\u0146a pamet gl\u0101zi, tad tiek uzskat\u012bts, ka otra bumbi\u0146a nav iemesta tan\u012b gl\u0101z\u0113. Iz\u0146emot gad\u012bjumu, kad p\u016btiena rezult\u0101t\u0101 gl\u0101zi pamet ar\u012b jau iemest\u0101 bumbi\u0146a, tad abas bumbi\u0146as tiek uzskat\u012btas par iemest\u0101m \u0161in\u012b gl\u0101z\u0113 un t\u0101s nekav\u0113joties tiek atliktas atpaka\u013c.<\/li>\n    <li class=\"li-bullet-1\">Ja gl\u0101z\u0113 jau atrodas iemesta bumbi\u0146a un metiena br\u012bd\u012b otra bumbi\u0146a atsitas pret to un pati pamet gl\u0101zi, tiek uzskat\u012bts, ka otra bumbi\u0146a nav iemesta \u0161in\u012b gl\u0101z\u0113.<\/li>\n    <li class=\"li-bullet-1\">Metiens ir beidzies tikl\u012bdz bumbi\u0146a p\u0113c metiena:<\/li>\n<\/ol>\n<ol class=\"lst-2 start\" start=\"1\">\n    <li class=\"li-bullet-2\">skait\u0101s k\u0101 iemesta;<\/li>\n    <li class=\"li-bullet-2\">atsitas pret zemi (gr\u012bdu);<\/li>\n    <li class=\"li-bullet-2\">pretinieku komandas sp\u0113l\u0113t\u0101js to stabili nofiks\u0113 (no\u0137er);<\/li>\n    <li class=\"li-bullet-2\">neturpina kust\u012bbu uz galda;<\/li>\n    <li class=\"li-bullet-2\">nep\u0101rprotami lido t\u0101, ka t\u0101 netr\u0101p\u012bs galdam, gl\u0101z\u0113m vai \u016bdenim gl\u0101z\u0113s (p\u0101ri galda fizisk\u0101m mal\u0101m);<\/li>\n    <li class=\"li-bullet-2\">ripo atpaka\u013c pa galdu un to no\u0137er vai padod k\u0101ds, kas nav uzbr\u016bko\u0161as komandas sast\u0101v\u0101.<\/li>\n<\/ol>\n<ol class=\"lst-1\" start=\"14\">\n    <li class=\"li-bullet-1\">Bumbi\u0146as t\u012b\u0161a vai net\u012b\u0161a ievieto\u0161ana \u016bdens gl\u0101z\u0113 p\u0113c metiena beig\u0101m netiek skait\u012bta k\u0101 iemesta gl\u0101ze.<\/li>\n    <li class=\"li-bullet-1\">Sp\u0113l\u0113t\u0101ji dr\u012bkst noskalot vai atst\u0101t bumbi\u0146as sav\u0101s gl\u0101z\u0113s tikai savas komandas g\u0101jiena laik\u0101.<\/li>\n    <li class=\"li-bullet-1\">Ja metiena br\u012bd\u012b pretinieku komandas sp\u0113l\u0113t\u0101js t\u012b\u0161i vai net\u012b\u0161i pieskar\u0101s bumbi\u0146ai ar \u0137ermeni, ap\u0123\u0113rbu, atrib\u016btu vai to da\u013cu, vai p\u016b\u0161 bumbi\u0146u pirms t\u0101 ir atsitusies pret galdu vai piesk\u0101rusies gl\u0101zei, tad pretinieku komandai tiek pie\u0161\u0137irts sods \u2013 tiek  no\u0146emta viena gl\u0101ze. Iz\u0146emot punkt\u0101 3.25 min\u0113taj\u0101 gad\u012bjum\u0101.<\/li>\n    <li class=\"li-bullet-1\">Pretinieku komandas sp\u0113l\u0113t\u0101ja t\u012b\u0161a vai net\u012b\u0161a pieskar\u0161an\u0101s bumbi\u0146ai ar \u0137ermeni, ap\u0123\u0113rbu, atrib\u016btu vai to da\u013cu p\u0113c tam, kad t\u0101 ir atsitusies pret galdu vai piesk\u0101rusies gl\u0101zei, ir at\u013cauta.<\/li>\n    <li class=\"li-bullet-1\">Ja bumbi\u0146a iekr\u012bt vai tiek iemesta alus gl\u0101z\u0113 vai gl\u0101z\u0113, kas ir no\u0146emta, t\u0101 neskait\u0101s k\u0101 iemesta.<\/li>\n    <li class=\"li-bullet-1\">Pretinieku gl\u0101zes dr\u012bkst p\u0101rk\u0101rtot tikai sava g\u0101jiena laik\u0101 pirms pirm\u0101 metiena. P\u0101rk\u0101rto\u0161anu veic pretinieku komanda p\u0113c uzbr\u016bko\u0161\u0101s komandas piepras\u012bjuma un nor\u0101d\u012bjumiem, bet t\u0101 lai gl\u0101zes atrastos gl\u0101\u017eu zon\u0101.<\/li>\n    <li class=\"li-bullet-1\">G\u0101jiens beidzas, kad komanda ir izdar\u012bjusi visus savus metienus.<\/li>\n    <li class=\"li-bullet-1\">Gl\u0101zes tiek no\u0146emtas pretinieku komandai p\u0113c g\u0101jiena beig\u0101m saska\u0146\u0101 ar \u0161\u0101diem nosac\u012bjumiem:<\/li>\n<\/ol>\n<ol class=\"lst-2 start\" start=\"1\">\n    <li class=\"li-bullet-2\">Viena bumbi\u0146a gl\u0101z\u0113 \u2013 1 gl\u0101ze.<\/li>\n    <li class=\"li-bullet-2\">Viena bumbi\u0146a gl\u0101z\u0113 ar atsitienu pret galdu \u2013 2 gl\u0101zes.<\/li>\n    <li class=\"li-bullet-2\">Abas bumbi\u0146as katra sav\u0101 gl\u0101z\u0113 \u2013 2 gl\u0101zes.<\/li>\n    <li class=\"li-bullet-2\">Abas bumbi\u0146as vien\u0101 gl\u0101z\u0113 \u2013 3 gl\u0101zes.<\/li>\n    <li class=\"li-bullet-2\">Abas bumbi\u0146as da\u017e\u0101d\u0101s gl\u0101z\u0113s, bet viena no vi\u0146\u0101m ar atsitienu pret galdu \u2013 3 gl\u0101zes.<\/li>\n    <li class=\"li-bullet-2\">Abas bumbi\u0146as da\u017e\u0101d\u0101s gl\u0101z\u0113s un abas ar atsitienu pret galdu \u2013 4 gl\u0101zes.<\/li>\n    <li class=\"li-bullet-2\">Abas bumbi\u0146as vien\u0101 gl\u0101z\u0113 un abas ar atsitienu pret galdu \u2013 5 gl\u0101zes.<\/li>\n<\/ol>\n<ol class=\"lst-1\" start=\"22\">\n    <li class=\"li-bullet-1\">Bumbi\u0146u vai bumbi\u0146as no gl\u0101z\u0113m dr\u012bkst iz\u0146emt tikai p\u0113c g\u0101jiena beig\u0101m.<\/li>\n    <li class=\"li-bullet-1\">Ja p\u0113c g\u0101jiena komanda neiemet nevienu vai iemet vienu no bumbi\u0146\u0101m, g\u0101jiens p\u0101riet pretinieku komandai.<\/li>\n    <li class=\"li-bullet-1\">Ja p\u0113c g\u0101jiena komanda ir iemetusi abas bumbi\u0146as, komandai uzreiz tiek pie\u0161\u0137irts papildus g\u0101jiens.<\/li>\n    <li class=\"li-bullet-1\">Ja pretinieku komanda veic bumbi\u0146as novieto\u0161anas korekcijas, kas nepiecie\u0161amas punktos 3.6., 3.11 vai 4.7. komandai ir j\u0101sagaida kam\u0113r pretinieku komanda korekciju piln\u012bb\u0101 pabeidz. Korekcijas veik\u0161anas br\u012bd\u012b netiek piem\u0113rots 3.16. min\u0113tais sods.<\/li>\n<\/ol>\n<ol class=\"lst-0\" start=\"4\">\n    <li class=\"li-bullet-0 bu\">Papildus noteikumi.<\/li>\n<\/ol>\n<ol class=\"lst-1 start\" start=\"1\">\n    <li class=\"li-bullet-1\">Ja metiena laik\u0101 bumbi\u0146a pa galdu atripo atpaka\u013c pie sp\u0113l\u0113t\u0101ja, kas izdar\u012bja metienu, metiens nav beidzies (3.13. punkta izpratn\u0113) un sp\u0113l\u0113t\u0101js bumbi\u0146u no\u0137er, tad metienu dr\u012bkst atk\u0101rtot k\u0101 \u201ctrickshot\u201d \u2013 metiens j\u0101izpilda atmuguriski vai j\u0101met caur muguru. Maksim\u0101lais gl\u0101\u017eu skaits, ko var ieg\u016bt tr\u0101pot \u201ctrickshot\u201d &#8211; 1 gl\u0101ze, neskatoties uz to, ka ir tr\u0101p\u012bts ar atsitienu, iz\u0146\u0113mums, ja pretinieku komanda aizsarg\u0101jot ir apg\u0101zu\u0161i pa\u0161i savas gl\u0101zes.<\/li>\n    <li class=\"li-bullet-1\">Sp\u0113les laik\u0101 uz galda dr\u012bkst atrasties tikai sp\u0113lei piedero\u0161i priek\u0161meti \u2013 \u016bdens gl\u0101zes, iemest\u0101s (no\u0146emt\u0101s) gl\u0101zes, alus gl\u0101zes, hronometrs, r\u012bkot\u0101ja rekl\u0101ma, utml t\u0101 lai netrauc\u0113tu sp\u0113les gaitu \u2013 no\u0146emt\u0101s gl\u0101zes izvietotas atstatus no gl\u0101\u017eu laukuma; utml. Citi priek\u0161meti nekav\u0113joties ir j\u0101no\u0146em, ja to pieprasa k\u0101ds no sp\u0113l\u0113t\u0101jiem. Iz\u0146emot gad\u012bjumus, ja tiesnesis ir nor\u0101d\u012bjis cit\u0101di.<\/li>\n    <li class=\"li-bullet-1\">Ja komanda izg\u0101\u017e vienu vai vair\u0101kas savas gl\u0101zes vai iz\u0146em t\u0101s no gl\u0101\u017eu laukuma, kur\u0101s nav iemesta bumbi\u0146a, tad t\u0101s tiek uzskat\u012btas par no\u0146emt\u0101m gl\u0101z\u0113m un netiek atjaunotas.<\/li>\n    <li class=\"li-bullet-1\">Ja komanda izg\u0101\u017e vienu vai vair\u0101kas savas gl\u0101zes vai iz\u0146em t\u0101s no gl\u0101\u017eu laukuma, kur\u0101s ir iemestas bumbi\u0146as, tad t\u0101s atjauno nomainot vai papildinot, novieto iepriek\u0161\u0113j\u0101 poz\u012bcij\u0101s un ievieto iemest\u0101s bumbi\u0146as t\u0101, k\u0101 tas bija pirms gl\u0101zes vai gl\u0101\u017eu apg\u0101\u0161anas vai iz\u0146em\u0161anas.<\/li>\n    <li class=\"li-bullet-1\">Ja komanda izg\u0101\u017e pretinieku \u016bdens gl\u0101zi vai gl\u0101zes, t\u0101s tiek atjaunotas no komandas \u016bdens gl\u0101z\u0113m. Ja to nevar izdar\u012bt (izg\u0101zto gl\u0101\u017eu ir vair\u0101k, k\u0101 iesp\u0113jams atjaunot), komandai tiek ieskait\u012bts zaud\u0113jums par tik gl\u0101z\u0113m, cik pretiniekiem bija pirms to apg\u0101\u0161anas. Gad\u012bjum\u0101, ja komandai ir jau k\u0101da iemesta gl\u0101ze, tad pretinieku komandas gl\u0101zes tiek atjaunotas ar t\u0101m, kur\u0101s nav iemesta bumbi\u0146a. Ja tas nav ies\u0113jams, pirms atjauno\u0161anas bumbi\u0146a tiek iz\u0146emta.<\/li>\n    <li class=\"li-bullet-1\">Sp\u0113les laik\u0101 sp\u0113l\u0113tajiem nav ties\u012bbas pamest galdu. Iz\u0146emot \u0161\u0101dus gad\u012bjumus:<\/li>\n<\/ol>\n<ol class=\"lst-2 start\" start=\"1\">\n    <li class=\"li-bullet-2\">Sp\u0113l\u0113t\u0101js dodas paka\u013c savai bumbi\u0146ai;<\/li>\n    <li class=\"li-bullet-2\">Nepiecie\u0161ams aizvietot pazudu\u0161u bumbi\u0146u;<\/li>\n    <li class=\"li-bullet-2\">Nepiecie\u0161ams aizvietot vai papildin\u0101t apg\u0101zt\u0101s gl\u0101zes;<\/li>\n    <li class=\"li-bullet-2\">Jebkur\u0101 cit\u0101 gad\u012bjum\u0101, ja to nep\u0101rprotami ir at\u013c\u0101vis tiesnesis. \u0160\u0101d\u0101 gad\u012bjum\u0101 tiesnesis inform\u0113 abas komandas par radu\u0161os iemeslu.<\/li>\n<\/ol>\n<ol class=\"lst-1\" start=\"7\">\n    <li class=\"li-bullet-1\">Ja sp\u0113lei ir noteikts laika limits, tad tam beidzoties var tikt pie\u0161\u0137irs sp\u0113les pagarin\u0101jums \u0161\u0101dos gad\u012bjumos:<\/li>\n<\/ol>\n<ol class=\"lst-2 start\" start=\"1\">\n    <li class=\"li-bullet-2\">Gl\u0101\u017eu skaits gl\u0101\u017eu laukumos ab\u0101m komand\u0101m ir vien\u0101ds. Pagarin\u0101jums beidzas tikl\u012bdz ir iemesta pirm\u0101 gl\u0101ze bez iesp\u0113jas komandai pabeigt g\u0101jienu.<\/li>\n<\/ol>\n\n\n\n\n<figure class=\"wp-block-image size-full\"><img fetchpriority=\"high\" decoding=\"async\" width=\"785\" height=\"423\" src=\"https:\/\/bpong.lv\/lbpf\/wp-content\/uploads\/2022\/01\/table-lv.png\" alt=\"\" class=\"wp-image-280\" srcset=\"https:\/\/bpong.lv\/lbpf\/wp-content\/uploads\/2022\/01\/table-lv.png 785w, https:\/\/bpong.lv\/lbpf\/wp-content\/uploads\/2022\/01\/table-lv-300x162.png 300w, https:\/\/bpong.lv\/lbpf\/wp-content\/uploads\/2022\/01\/table-lv-768x414.png 768w\" sizes=\"(max-width: 785px) 100vw, 785px\" \/><figcaption>Attl\u0113s Nr 1 &#8211; Galds<\/figcaption><\/figure>\n\n\n\n<figure class=\"wp-block-image size-full\"><img decoding=\"async\" width=\"972\" height=\"667\" src=\"https:\/\/bpong.lv\/lbpf\/wp-content\/uploads\/2022\/01\/beer-pong-cups-2.png\" alt=\"\" class=\"wp-image-279\" srcset=\"https:\/\/bpong.lv\/lbpf\/wp-content\/uploads\/2022\/01\/beer-pong-cups-2.png 972w, https:\/\/bpong.lv\/lbpf\/wp-content\/uploads\/2022\/01\/beer-pong-cups-2-300x206.png 300w, https:\/\/bpong.lv\/lbpf\/wp-content\/uploads\/2022\/01\/beer-pong-cups-2-768x527.png 768w\" sizes=\"(max-width: 972px) 100vw, 972px\" \/><figcaption>Att\u0113ls Nr 2 &#8211; Gl\u0101\u017eu izk\u0101rtojums<\/figcaption><\/figure>\n","protected":false},"excerpt":{"rendered":"<p>\u0160ie noteikumi tiek izmantoti standarta Jenotu un LBPF sl\u0113l\u0113s un turn\u012bros, ja nav noteikts cit\u0101di. Lietotie termini. Galds \u2013 \u012bpa\u0161i piel\u0101gots galds \u201dbeer pong\u201d sp\u0113l\u0113\u0161anai. Skat\u012bt att\u0113lu Nr 1. Gl\u0101ze \u2013 caursp\u012bd\u012bga plastmasas gl\u0101ze sp\u0113l\u0113\u0161anai, kas da\u013c\u0113ji (1\/4 l\u012bdz 1\/3) ir pielieta ar \u016bdeni. Alus gl\u0101ze \u2013 gl\u0101ze ar alu ko izmanto sp\u0113l\u0113t\u0101ji sp\u0113les laik\u0101. &hellip; <\/p>\n<p class=\"link-more\"><a href=\"https:\/\/bpong.lv\/lbpf\/jenotu-beer-pong-noteikumi-v1\/\" class=\"more-link\">Read more<span class=\"screen-reader-text\"> \"\"Jenotu\" Beer Pong noteikumi v1\"<\/span><\/a><\/p>\n","protected":false},"author":1,"featured_media":0,"parent":0,"menu_order":0,"comment_status":"closed","ping_status":"closed","template":"","meta":{"inspiro_hide_title":false,"footnotes":""},"class_list":["post-268","page","type-page","status-publish","hentry"],"_links":{"self":[{"href":"https:\/\/bpong.lv\/lbpf\/wp-json\/wp\/v2\/pages\/268","targetHints":{"allow":["GET"]}}],"collection":[{"href":"https:\/\/bpong.lv\/lbpf\/wp-json\/wp\/v2\/pages"}],"about":[{"href":"https:\/\/bpong.lv\/lbpf\/wp-json\/wp\/v2\/types\/page"}],"author":[{"embeddable":true,"href":"https:\/\/bpong.lv\/lbpf\/wp-json\/wp\/v2\/users\/1"}],"replies":[{"embeddable":true,"href":"https:\/\/bpong.lv\/lbpf\/wp-json\/wp\/v2\/comments?post=268"}],"version-history":[{"count":5,"href":"https:\/\/bpong.lv\/lbpf\/wp-json\/wp\/v2\/pages\/268\/revisions"}],"predecessor-version":[{"id":284,"href":"https:\/\/bpong.lv\/lbpf\/wp-json\/wp\/v2\/pages\/268\/revisions\/284"}],"wp:attachment":[{"href":"https:\/\/bpong.lv\/lbpf\/wp-json\/wp\/v2\/media?parent=268"}],"curies":[{"name":"wp","href":"https:\/\/api.w.org\/{rel}","templated":true}]}}