{"id":3,"date":"2020-08-28T09:26:09","date_gmt":"2020-08-28T09:26:09","guid":{"rendered":"https:\/\/bpong.lv\/api\/?page_id=3"},"modified":"2022-06-07T17:27:53","modified_gmt":"2022-06-07T14:27:53","slug":"privacy-policy","status":"publish","type":"page","link":"https:\/\/bpong.lv\/lbpf\/privacy-policy\/","title":{"rendered":"Priv\u0101tuma politika"},"content":{"rendered":"\n<p>\"Latvijas Beer Pong Feder\u0101cija\" \u013coti nopeitni attiecas pret vietnes apmekl\u0113t\u0101ju datu dro\u0161\u012bbu. Sekojiet \u0161\u012bm sait\u0113m lai s\u012bk\u0101k iepaz\u012btos ar <a href=\"https:\/\/bpong.lv\/policies\/privacy\">LBPF priv\u0101tuma poltiku<\/a> un <a href=\"https:\/\/bpong.lv\/policies\/cookies\">LBPF s\u012bkdat\u0146u izmanto\u0161anas politiku<\/a>.<\/p>\n\n\n\n<p><\/p>\n","protected":false},"excerpt":{"rendered":"<p>\"Latvijas Beer Pong Feder\u0101cija\" \u013coti nopeitni attiecas pret vietnes apmekl\u0113t\u0101ju datu dro\u0161\u012bbu. Sekojiet \u0161\u012bm sait\u0113m lai s\u012bk\u0101k iepaz\u012btos ar LBPF priv\u0101tuma poltiku un LBPF s\u012bkdat\u0146u izmanto\u0161anas politiku.<\/p>\n","protected":false},"author":1,"featured_media":0,"parent":0,"menu_order":0,"comment_status":"closed","ping_status":"open","template":"","meta":{"inspiro_hide_title":false,"footnotes":""},"class_list":["post-3","page","type-page","status-publish","hentry"],"_links":{"self":[{"href":"https:\/\/bpong.lv\/lbpf\/wp-json\/wp\/v2\/pages\/3","targetHints":{"allow":["GET"]}}],"collection":[{"href":"https:\/\/bpong.lv\/lbpf\/wp-json\/wp\/v2\/pages"}],"about":[{"href":"https:\/\/bpong.lv\/lbpf\/wp-json\/wp\/v2\/types\/page"}],"author":[{"embeddable":true,"href":"https:\/\/bpong.lv\/lbpf\/wp-json\/wp\/v2\/users\/1"}],"replies":[{"embeddable":true,"href":"https:\/\/bpong.lv\/lbpf\/wp-json\/wp\/v2\/comments?post=3"}],"version-history":[{"count":3,"href":"https:\/\/bpong.lv\/lbpf\/wp-json\/wp\/v2\/pages\/3\/revisions"}],"predecessor-version":[{"id":463,"href":"https:\/\/bpong.lv\/lbpf\/wp-json\/wp\/v2\/pages\/3\/revisions\/463"}],"wp:attachment":[{"href":"https:\/\/bpong.lv\/lbpf\/wp-json\/wp\/v2\/media?parent=3"}],"curies":[{"name":"wp","href":"https:\/\/api.w.org\/{rel}","templated":true}]}}