{"id":57,"date":"2021-11-20T20:23:07","date_gmt":"2021-11-20T18:23:07","guid":{"rendered":"https:\/\/bpong.lv\/lbpf\/?page_id=57"},"modified":"2021-12-12T00:31:02","modified_gmt":"2021-12-11T22:31:02","slug":"komandas","status":"publish","type":"page","link":"https:\/\/bpong.lv\/lbpf\/komandas\/","title":{"rendered":"Komandas"},"content":{"rendered":"\n<p>Visas \"Latvijas Beer Pong Feder\u0101cij\u0101\" re\u0123istr\u0113t\u0101s komanadas.<\/p>\n\n\n<div class=\"bpongapi-block\" data-btype=\"team_all\"><img decoding=\"async\" class=\"center bpongapi-progress\" src=\"\/lbpf\/wp-includes\/images\/spinner.gif\" alt=\"Loading...\"\/><\/div>\n\n\n\n<p><\/p>\n","protected":false},"excerpt":{"rendered":"<p>Visas \"Latvijas Beer Pong Feder\u0101cij\u0101\" re\u0123istr\u0113t\u0101s komanadas.<\/p>\n","protected":false},"author":1,"featured_media":0,"parent":0,"menu_order":0,"comment_status":"closed","ping_status":"closed","template":"","meta":{"inspiro_hide_title":false,"footnotes":""},"class_list":["post-57","page","type-page","status-publish","hentry"],"_links":{"self":[{"href":"https:\/\/bpong.lv\/lbpf\/wp-json\/wp\/v2\/pages\/57","targetHints":{"allow":["GET"]}}],"collection":[{"href":"https:\/\/bpong.lv\/lbpf\/wp-json\/wp\/v2\/pages"}],"about":[{"href":"https:\/\/bpong.lv\/lbpf\/wp-json\/wp\/v2\/types\/page"}],"author":[{"embeddable":true,"href":"https:\/\/bpong.lv\/lbpf\/wp-json\/wp\/v2\/users\/1"}],"replies":[{"embeddable":true,"href":"https:\/\/bpong.lv\/lbpf\/wp-json\/wp\/v2\/comments?post=57"}],"version-history":[{"count":16,"href":"https:\/\/bpong.lv\/lbpf\/wp-json\/wp\/v2\/pages\/57\/revisions"}],"predecessor-version":[{"id":210,"href":"https:\/\/bpong.lv\/lbpf\/wp-json\/wp\/v2\/pages\/57\/revisions\/210"}],"wp:attachment":[{"href":"https:\/\/bpong.lv\/lbpf\/wp-json\/wp\/v2\/media?parent=57"}],"curies":[{"name":"wp","href":"https:\/\/api.w.org\/{rel}","templated":true}]}}